{"id":13,"date":"2017-04-07T09:10:25","date_gmt":"2017-04-07T07:10:25","guid":{"rendered":"http:\/\/edumedsenior.umed.pl\/?page_id=13"},"modified":"2025-02-13T08:48:38","modified_gmt":"2025-02-13T07:48:38","slug":"o-projekcie","status":"publish","type":"page","link":"https:\/\/edumedsenior.umed.pl\/","title":{"rendered":"O projekcie"},"content":{"rendered":"<p>[vc_row][vc_column][vc_empty_space][vc_row_inner css=&#8221;.vc_custom_1558356075644{background-color: #ffffff !important;}&#8221;][vc_column_inner width=&#8221;1\/3&#8243;][vc_single_image image=&#8221;346&#8243; img_size=&#8221;full&#8221;][\/vc_column_inner][vc_column_inner width=&#8221;1\/3&#8243;][vc_single_image image=&#8221;347&#8243; img_size=&#8221;full&#8221;][\/vc_column_inner][vc_column_inner width=&#8221;1\/3&#8243;][vc_single_image image=&#8221;348&#8243; img_size=&#8221;full&#8221;][\/vc_column_inner][\/vc_row_inner][vc_column_text]<\/p>\n<div class=\"container\">\n<div class=\"row\">\n<h6 class=\"col-sm-12 copy-info centro\" style=\"text-align: center;\"><span style=\"color: #111;\">Projekt \u201eEDUMED_SENIOR \u2013 nowy kierunek studi\u00f3w licencjackich w zakresie koordynowanej opieki senioralnej dostosowany do potrzeb regionu \u0142\u00f3dzkiego zdefiniowanych w RSI LORIS 2030\u201d (POWR.03.01.00-00-N129\/16) wsp\u00f3\u0142finansowany przez Uni\u0119 Europejsk\u0105, ze \u015brodk\u00f3w Europejskiego Funduszu Spo\u0142ecznego w ramach Programu Operacyjnego Wiedza Edukacja Rozw\u00f3j 2014 &#8211; 2020.<\/span><\/h6>\n<\/div>\n<\/div>\n<p>[\/vc_column_text][vc_empty_space][\/vc_column][\/vc_row][vc_row full_width=&#8221;stretch_row_content_no_spaces&#8221;][vc_column][rev_slider_vc alias=&#8221;main&#8221;][\/vc_column][\/vc_row][vc_row][vc_column][vc_column_text]<\/p>\n<h1 class=\"tytul-strony srodkowe\" style=\"font-size: 25px;\">O projekcie<\/h1>\n<p>[\/vc_column_text][\/vc_column][\/vc_row][vc_row][vc_column][vc_column_text]<\/p>\n<p style=\"text-align: center;\">EDUMED_SENIOR \u2013 nowy kierunek studi\u00f3w licencjackich w zakresie koordynowanej opieki senioralnej dostosowany do potrzeb regionu \u0142\u00f3dzkiego zdefiniowanych w RSI LORIS 2030.<\/p>\n<p>[\/vc_column_text][\/vc_column][\/vc_row][vc_row][vc_column width=&#8221;1\/3&#8243;]<div class=\"aio-icon-component   box-default style_1\"><div id=\"Info-box-wrap-5937\" class=\"aio-icon-box top-icon\" style=\"\"  ><div class=\"aio-icon-top\"><div class=\"ult-just-icon-wrapper  \"><div class=\"align-icon\" style=\"text-align:center;\">\n<div class=\"aio-icon circle \"  style=\"color:#fa8322;background:#ffffff;font-size:64px;display:inline-block;\">\n\t<i class=\"Defaults-calendar-o\"><\/i>\n<\/div><\/div><\/div><\/div><div class=\"aio-icon-header\" ><h3 class=\"aio-icon-title ult-responsive\"  data-ultimate-target='#Info-box-wrap-5937 .aio-icon-title'  data-responsive-json-new='{\"font-size\":\"\",\"line-height\":\"\"}'  style=\"\">Okres realizacji projektu<\/h3><\/div> <!-- header --><div class=\"aio-icon-description ult-responsive\"  data-ultimate-target='#Info-box-wrap-5937 .aio-icon-description'  data-responsive-json-new='{\"font-size\":\"\",\"line-height\":\"\"}'  style=\"\"><strong>01.03.2017 \u2013 30.09.2020<\/strong><\/div> <!-- description --><\/div> <!-- aio-icon-box --><\/div> <!-- aio-icon-component --><div class=\"aio-icon-component   box-kontrast style_1\"><div id=\"Info-box-wrap-3128\" class=\"aio-icon-box top-icon\" style=\"\"  ><div class=\"aio-icon-top\"><div class=\"ult-just-icon-wrapper  \"><div class=\"align-icon\" style=\"text-align:center;\">\n<div class=\"aio-icon circle \"  style=\"color:#ffff00;background:#000000;font-size:64px;display:inline-block;\">\n\t<i class=\"Defaults-calendar-o\"><\/i>\n<\/div><\/div><\/div><\/div><div class=\"aio-icon-header\" ><h3 class=\"aio-icon-title ult-responsive\"  data-ultimate-target='#Info-box-wrap-3128 .aio-icon-title'  data-responsive-json-new='{\"font-size\":\"\",\"line-height\":\"\"}'  style=\"\">Okres realizacji projektu<\/h3><\/div> <!-- header --><div class=\"aio-icon-description ult-responsive\"  data-ultimate-target='#Info-box-wrap-3128 .aio-icon-description'  data-responsive-json-new='{\"font-size\":\"\",\"line-height\":\"\"}'  style=\"\"><strong>01.03.2017 \u2013 30.09.2020<\/strong><\/div> <!-- description --><\/div> <!-- aio-icon-box --><\/div> <!-- aio-icon-component -->[\/vc_column][vc_column width=&#8221;1\/3&#8243;]<div class=\"aio-icon-component   box-default style_1\"><div id=\"Info-box-wrap-5665\" class=\"aio-icon-box top-icon\" style=\"\"  ><div class=\"aio-icon-top\"><div class=\"ult-just-icon-wrapper  \"><div class=\"align-icon\" style=\"text-align:center;\">\n<div class=\"aio-icon circle \"  style=\"color:#fa8322;background:#ffffff;font-size:64px;display:inline-block;\">\n\t<i class=\"Defaults-money\"><\/i>\n<\/div><\/div><\/div><\/div><div class=\"aio-icon-header\" ><h3 class=\"aio-icon-title ult-responsive\"  data-ultimate-target='#Info-box-wrap-5665 .aio-icon-title'  data-responsive-json-new='{\"font-size\":\"\",\"line-height\":\"\"}'  style=\"\">Warto\u015b\u0107 projektu<\/h3><\/div> <!-- header --><div class=\"aio-icon-description ult-responsive\"  data-ultimate-target='#Info-box-wrap-5665 .aio-icon-description'  data-responsive-json-new='{\"font-size\":\"\",\"line-height\":\"\"}'  style=\"\"><strong>784 875,00z\u0142*<br \/>\n<\/strong><\/div> <!-- description --><\/div> <!-- aio-icon-box --><\/div> <!-- aio-icon-component --><div class=\"aio-icon-component   box-kontrast style_1\"><div id=\"Info-box-wrap-4174\" class=\"aio-icon-box top-icon\" style=\"\"  ><div class=\"aio-icon-top\"><div class=\"ult-just-icon-wrapper  \"><div class=\"align-icon\" style=\"text-align:center;\">\n<div class=\"aio-icon circle \"  style=\"color:#ffff00;background:#000000;font-size:64px;display:inline-block;\">\n\t<i class=\"Defaults-money\"><\/i>\n<\/div><\/div><\/div><\/div><div class=\"aio-icon-header\" ><h3 class=\"aio-icon-title ult-responsive\"  data-ultimate-target='#Info-box-wrap-4174 .aio-icon-title'  data-responsive-json-new='{\"font-size\":\"\",\"line-height\":\"\"}'  style=\"\">Warto\u015b\u0107 projektu<\/h3><\/div> <!-- header --><div class=\"aio-icon-description ult-responsive\"  data-ultimate-target='#Info-box-wrap-4174 .aio-icon-description'  data-responsive-json-new='{\"font-size\":\"\",\"line-height\":\"\"}'  style=\"\"><strong>784 875,00z\u0142*<br \/>\n<\/strong><\/div> <!-- description --><\/div> <!-- aio-icon-box --><\/div> <!-- aio-icon-component -->[\/vc_column][vc_column width=&#8221;1\/3&#8243;]<div class=\"aio-icon-component   box-default style_1\"><div id=\"Info-box-wrap-8262\" class=\"aio-icon-box top-icon\" style=\"\"  ><div class=\"aio-icon-top\"><div class=\"ult-just-icon-wrapper  \"><div class=\"align-icon\" style=\"text-align:center;\">\n<div class=\"aio-icon circle \"  style=\"color:#fa8322;background:#ffffff;font-size:64px;display:inline-block;\">\n\t<i class=\"Defaults-group users\"><\/i>\n<\/div><\/div><\/div><\/div><div class=\"aio-icon-header\" ><h3 class=\"aio-icon-title ult-responsive\"  data-ultimate-target='#Info-box-wrap-8262 .aio-icon-title'  data-responsive-json-new='{\"font-size\":\"\",\"line-height\":\"\"}'  style=\"\">Studia licencjackie 3-letnie<\/h3><\/div> <!-- header --><div class=\"aio-icon-description ult-responsive\"  data-ultimate-target='#Info-box-wrap-8262 .aio-icon-description'  data-responsive-json-new='{\"font-size\":\"\",\"line-height\":\"\"}'  style=\"\"><strong>Prowadzone w formie stacjonarnej w dw\u00f3ch grupach 20 osobowych<\/strong><\/div> <!-- description --><\/div> <!-- aio-icon-box --><\/div> <!-- aio-icon-component --><div class=\"aio-icon-component   box-kontrast style_1\"><div id=\"Info-box-wrap-5647\" class=\"aio-icon-box top-icon\" style=\"\"  ><div class=\"aio-icon-top\"><div class=\"ult-just-icon-wrapper  \"><div class=\"align-icon\" style=\"text-align:center;\">\n<div class=\"aio-icon circle \"  style=\"color:#ffff00;background:#000000;font-size:64px;display:inline-block;\">\n\t<i class=\"Defaults-group users\"><\/i>\n<\/div><\/div><\/div><\/div><div class=\"aio-icon-header\" ><h3 class=\"aio-icon-title ult-responsive\"  data-ultimate-target='#Info-box-wrap-5647 .aio-icon-title'  data-responsive-json-new='{\"font-size\":\"\",\"line-height\":\"\"}'  style=\"\">Studia licencjackie 3-letnie<\/h3><\/div> <!-- header --><div class=\"aio-icon-description ult-responsive\"  data-ultimate-target='#Info-box-wrap-5647 .aio-icon-description'  data-responsive-json-new='{\"font-size\":\"\",\"line-height\":\"\"}'  style=\"\"><strong>Prowadzone w formie stacjonarnej w dw\u00f3ch grupach 20 osobowych<\/strong><\/div> <!-- description --><\/div> <!-- aio-icon-box --><\/div> <!-- aio-icon-component -->[\/vc_column][\/vc_row][vc_row][vc_column][vc_column_text]<\/p>\n<h6 style=\"text-align: center;\"><span style=\"color: #111;\">*<strong>w tym warto\u015b\u0107 dofinansowania z EFS: 728 454,36z\u0142 nr umowy o dofinansowanie &#8211;\u00a0UDA-POWR.03.01.00-00-N129\/16<\/strong><\/span><\/h6>\n<p>[\/vc_column_text][\/vc_column][\/vc_row][vc_row][vc_column][vc_column_text]<\/p>\n<h1 class=\"tytul-strony srodkowe\" style=\"font-size: 25px;\">Grupa docelowa<\/h1>\n<p>[\/vc_column_text][vc_column_text]<\/p>\n<p style=\"text-align: justify;\">Osoby, kt\u00f3re uko\u0144czy\u0142y szko\u0142\u0119 \u015bredni\u0105 i pragn\u0105 poszerza\u0107 sw\u0105 wiedz\u0119 w ramach mi\u0119dzyobszarowych studi\u00f3w z zakresu opieki koordynowanej nad osobami starszymi.<\/p>\n<p style=\"text-align: justify;\">Oferta studi\u00f3w jest tak\u017ce skierowana do os\u00f3b, kt\u00f3re posiadaj\u0105 ju\u017c wy\u017csze wykszta\u0142cenie lub pracuj\u0105 w obszarze us\u0142ug senioralnych (lekarze, piel\u0119gniarki, edukatorzy zdrowia publicznego, pracownicy socjalni, urz\u0119dnicy administracji publicznej, pedagodzy, socjolodzy i psycholodzy), lecz pragn\u0105 rozszerzy\u0107 i usystematyzowa\u0107 swoje kompetencje.<\/p>\n<p>[\/vc_column_text][\/vc_column][\/vc_row][vc_row][vc_column][vc_column_text]<\/p>\n<h1 class=\"tytul-strony srodkowe\" style=\"font-size: 25px;\">Zarys i uzasadnienie potrzeby realizacji projektu<\/h1>\n<p>[\/vc_column_text][vc_column_text]<\/p>\n<p style=\"text-align: justify;\">Kierunek Koordynowana Opieka Senioralna to innowacyjny proces kszta\u0142cenia (jedyny w kraju), \u0142\u0105cz\u0105cy wiedz\u0119 medyczn\u0105, wiedz\u0119 z zakresu nauk o zdrowiu i nauk o kulturze fizycznej, a tak\u017ce nauk spo\u0142ecznych.<\/p>\n<p style=\"text-align: justify;\">Studia prowadzone b\u0119d\u0105 przy czynnym wsp\u00f3\u0142udziale pracodawc\u00f3w z regionu, zatem absolwenci maj\u0105 realne szanse na zdobycie wykszta\u0142cenia odpowiadaj\u0105cego potrzebom potencjalnych pracodawc\u00f3w, a tak\u017ce na znalezienie pracy zaraz po uko\u0144czeniu studi\u00f3w.<\/p>\n<p style=\"text-align: justify;\">Student po zako\u0144czeniu studi\u00f3w nabywa wiedz\u0119, umiej\u0119tno\u015bci i kompetencje niezb\u0119dne do podj\u0119cia pracy jako koordynator opieki medyczno-\u015brodowiskowej w plac\u00f3wkach ochrony zdrowia, centrach opieki koordynowanej, jednostkach administracji publicznej i samorz\u0105du terytorialnego, \u015bwietlicach i centrach aktywnego seniora a tak\u017ce w organizacjach pozarz\u0105dowych i instytutach badawczych. Przygotowany jest r\u00f3wnie\u017c do tworzenia us\u0142ug biznesowych w obszarze siwiej\u0105cej populacji oraz przygotowany do wykorzystania program\u00f3w gerontologicznych organizacji mi\u0119dzynarodowych i struktur europejskich.<\/p>\n<p style=\"text-align: justify;\">Absolwenci kierunku mog\u0105 pracowa\u0107 zar\u00f3wno w sektorze us\u0142ug medycznych jak i jednostkach samorz\u0105du terytorialnego, na r\u00f3\u017cnych szczeblach administracji publicznej, w instytucjach i przy projektach wykorzystuj\u0105cych model opieki koordynowanej.<\/p>\n<p style=\"text-align: justify;\">Rynek opieki koordynowanej w\u00a0 Polsce w\u0142a\u015bnie si\u0119 rozwija a \u0141\u00f3d\u017a ma szans\u0119 sta\u0107 si\u0119 jednym z wiod\u0105cych o\u015brodk\u00f3w wdra\u017caj\u0105cych ten model, co sprawia, \u017ce realizowane studia wychodz\u0105 naprzeciw oczekiwaniom spo\u0142ecznym, trendom demograficznym (starzej\u0105ce si\u0119 spo\u0142ecze\u0144stwo) oraz potrzebom rynku pracy. Planowane do uruchomienia przez Uniwersytet Medyczny w \u0141odzi Regionalne Centrum Opieki Koordynowanej b\u0119d\u0105ce o\u015brodkiem referencyjnym w tej dziedzinie w Polsce b\u0119dzie jednym z potencjalnych miejsc pracy dla absolwent\u00f3w kierunku.<\/p>\n<p style=\"text-align: justify;\">Kontynuacja studi\u00f3w mo\u017cliwa jest na studiach drugiego stopnia na kierunku zdrowie publiczne.<\/p>\n<p>[\/vc_column_text][\/vc_column][\/vc_row][vc_row][vc_column][vc_column_text]<\/p>\n<h1 class=\"tytul-strony srodkowe\" style=\"font-size: 25px;\">Cele projektu<\/h1>\n<p>[\/vc_column_text][vc_column_text]<\/p>\n<p style=\"text-align: justify;\">Celem studi\u00f3w jest przekazanie kompleksowej wiedzy oraz wykszta\u0142cenie specjalistycznych wieloaspektowych umiej\u0119tno\u015bci potrzebnych do pracy w sektorze koordynowanej opieki zorientowanej na pacjenta w wieku podesz\u0142ym.<\/p>\n<p style=\"text-align: justify;\">Cel g\u0142\u00f3wny zwi\u0105zany z realizacj\u0105 projektu EDUMED_SENIOR \u2013 to podniesienie kompetencji 40 absolwent\u00f3w Wydzia\u0142u Nauk o Zdrowiu (WNoZ)Uniwersytetu Medycznego w \u0141odzi (UM) w zakresie koordynowanej opieki senioralnej (KOS) przez realizacj\u0119 nowego kierunku studi\u00f3w licencjackich dostosowanych do potrzeb regionu \u0142\u00f3dzkiego zdefiniowanych w RSI LORIS 2030, w okresie do 30.09.2020. Cel g\u0142\u00f3wny projektu przyczynia si\u0119 do osi\u0105gni\u0119cia cel\u00f3w szczeg\u00f3\u0142owych Programu Operacyjnego Wiedza Edukacja Rozw\u00f3j (POWER) w obszarze szkolnictwa wy\u017cszego: wsparcia dla wsp\u00f3\u0142pracy uczelni z biznesem i wzmacniania prozatrudnieniowej roli szkolnictwa wy\u017cszego oraz zwi\u0119kszenia jako\u015bci us\u0142ug edukacyjnych i rozw\u00f3j kompetencji w obszarach kluczowych dla gospodarki. Cele szczeg\u00f3\u0142owe dla szkolnictwa wy\u017cszego to wzmocnienie kompetencji zawodowych i mi\u0119kkich uczestnik\u00f3w, szczeg\u00f3lnie z mniejszych miejscowo\u015bci, wzrost liczby zaj\u0119\u0107 praktycznych, intensyfikacja wsp\u00f3\u0142pracy z pracodawcami i otoczeniem spo\u0142eczno-gospodarczym oraz wzrost aktywizacji uczestnik\u00f3w w zakresie dalszej edukacji i zatrudnienia.<\/p>\n<p>[\/vc_column_text][\/vc_column][\/vc_row][vc_row][vc_column][vc_column_text]<\/p>\n<h1 class=\"tytul-strony srodkowe\" style=\"font-size: 25px;\">Planowane efekty<\/h1>\n<p>[\/vc_column_text][vc_column_text]<strong>G\u0142\u00f3wne efekty projektu to:<\/strong><\/p>\n<ul>\n<li>Podniesienie kompetencji absolwent\u00f3w w zakresie koordynowanej opieki senioralnej w ramach dzia\u0142a\u0144 uczelni wspartych z EFS,<\/li>\n<li>Wypracowanie standard\u00f3w i dobrych praktyk w obszarze zarz\u0105dzania staro\u015bci\u0105,<\/li>\n<li>Wzmocnienie potencja\u0142u regionu poprzez wykszta\u0142cenie profesjonalnej kadry koordynator\u00f3w opieki senioralnej,<\/li>\n<li>Poprawa jako\u015bci \u017cycia senior\u00f3w,<\/li>\n<li>Wypracowanie platformy wsp\u00f3\u0142pracy miedzy nauk\u0105 i biznesem.<\/li>\n<\/ul>\n<p>[\/vc_column_text][\/vc_column][\/vc_row][vc_row][vc_column][vc_column_text]<\/p>\n<h1 class=\"tytul-strony srodkowe\" style=\"font-size: 25px;\">Zalety kierunku<\/h1>\n<p>[\/vc_column_text][vc_column_text]<\/p>\n<ul>\n<li>unikalny kierunek w skali kraju,<\/li>\n<li>studia mi\u0119dzyobszarowe z zakresu nauk medycznych i spo\u0142ecznych,<\/li>\n<li>nauczanie modu\u0142owe,<\/li>\n<li>zaj\u0119cia praktyczne,<\/li>\n<li>zaj\u0119cia tworzone i wsp\u00f3\u0142prowadzone przez pracodawc\u00f3w,<\/li>\n<li>ciekawe praktyki,<\/li>\n<li>wymiana mi\u0119dzynarodowa z krajami Unii Europejskiej w celu zdobycia do\u015bwiadczenia,<\/li>\n<li>mo\u017cliwo\u015b\u0107 realizowania elastycznej \u015bcie\u017cki kszta\u0142cenia,<\/li>\n<li>profil absolwenta dostosowany do wymaga\u0144 rynku pracy,<\/li>\n<li>program kszta\u0142cenia zgodny z Regionaln\u0105 Strategi\u0105 Innowacji dla Wojew\u00f3dztwa \u0141\u00f3dzkiego &#8211; \u201eLORIS\u201d 2030,<\/li>\n<li>gwarancja pracy po studiach.<\/li>\n<\/ul>\n<p>[\/vc_column_text][\/vc_column][\/vc_row][vc_row][vc_column][vc_column_text]<\/p>\n<h1 class=\"tytul-strony srodkowe\" style=\"font-size: 25px;\">Mo\u017cliwe miejsca zatrudnienia<\/h1>\n<p>[\/vc_column_text][vc_column_text]<\/p>\n<ul>\n<li>w plac\u00f3wkach ochrony zdrowia,<\/li>\n<li>w centrach aktywnego seniora,<\/li>\n<li>w centrach opieki koordynowanej,<\/li>\n<li>w jednostkach administracji publicznej i samorz\u0105du terytorialnego,<\/li>\n<li>w organizacjach pozarz\u0105dowych,<\/li>\n<li>w instytutach badawczych,<\/li>\n<li>tworz\u0105c i prowadz\u0105c biznes w obszarze opieki senioralnej.<\/li>\n<\/ul>\n<p>[\/vc_column_text][\/vc_column][\/vc_row]<\/p>\n","protected":false},"excerpt":{"rendered":"<p>[vc_row][vc_column][vc_empty_space][vc_row_inner css=&#8221;.vc_custom_1558356075644{background-color: #ffffff !important;}&#8221;][vc_column_inner width=&#8221;1\/3&#8243;][vc_single_image image=&#8221;346&#8243; img_size=&#8221;full&#8221;][\/vc_column_inner][vc_column_inner width=&#8221;1\/3&#8243;][vc_single_image image=&#8221;347&#8243; img_size=&#8221;full&#8221;][\/vc_column_inner][vc_column_inner width=&#8221;1\/3&#8243;][vc_single_image image=&#8221;348&#8243; img_size=&#8221;full&#8221;][\/vc_column_inner][\/vc_row_inner][vc_column_text] Projekt \u201eEDUMED_SENIOR \u2013 nowy kierunek studi\u00f3w licencjackich w zakresie koordynowanej opieki senioralnej dostosowany do potrzeb regionu \u0142\u00f3dzkiego zdefiniowanych w RSI LORIS 2030\u201d (POWR.03.01.00-00-N129\/16) wsp\u00f3\u0142finansowany przez Uni\u0119 Europejsk\u0105,&#8230;<\/p>\n","protected":false},"author":1,"featured_media":0,"parent":0,"menu_order":0,"comment_status":"closed","ping_status":"closed","template":"fullwidth.php","meta":{"footnotes":""},"class_list":["post-13","page","type-page","status-publish","hentry"],"_links":{"self":[{"href":"https:\/\/edumedsenior.umed.pl\/index.php\/wp-json\/wp\/v2\/pages\/13","targetHints":{"allow":["GET"]}}],"collection":[{"href":"https:\/\/edumedsenior.umed.pl\/index.php\/wp-json\/wp\/v2\/pages"}],"about":[{"href":"https:\/\/edumedsenior.umed.pl\/index.php\/wp-json\/wp\/v2\/types\/page"}],"author":[{"embeddable":true,"href":"https:\/\/edumedsenior.umed.pl\/index.php\/wp-json\/wp\/v2\/users\/1"}],"replies":[{"embeddable":true,"href":"https:\/\/edumedsenior.umed.pl\/index.php\/wp-json\/wp\/v2\/comments?post=13"}],"version-history":[{"count":87,"href":"https:\/\/edumedsenior.umed.pl\/index.php\/wp-json\/wp\/v2\/pages\/13\/revisions"}],"predecessor-version":[{"id":461,"href":"https:\/\/edumedsenior.umed.pl\/index.php\/wp-json\/wp\/v2\/pages\/13\/revisions\/461"}],"wp:attachment":[{"href":"https:\/\/edumedsenior.umed.pl\/index.php\/wp-json\/wp\/v2\/media?parent=13"}],"curies":[{"name":"wp","href":"https:\/\/api.w.org\/{rel}","templated":true}]}}