{"id":149,"date":"2017-10-02T11:17:39","date_gmt":"2017-10-02T09:17:39","guid":{"rendered":"http:\/\/edumedsenior.umed.pl\/?page_id=149"},"modified":"2020-04-24T15:17:38","modified_gmt":"2020-04-24T13:17:38","slug":"plan-studiow","status":"publish","type":"page","link":"https:\/\/edumedsenior.umed.pl\/index.php\/plan-studiow\/","title":{"rendered":"Dla studenta"},"content":{"rendered":"<p>[vc_row][vc_column][vc_custom_heading text=&#8221;Plan i program studi\u00f3w&#8221; font_container=&#8221;tag:h2|text_align:center|color:%23fa8322&#8243; use_theme_fonts=&#8221;yes&#8221;][vc_empty_space][vc_column_text]<a href=\"http:\/\/edumedsenior.umed.pl\/wp-content\/uploads\/2019\/02\/II-KOS_sem.-letni-18-19.xls\">II Rok &#8211; Koordynowana opieka senioralna &#8211; studia I\u00b0 stacjonarne (Semestr Letni)<\/a><\/p>\n<p><a href=\"http:\/\/edumedsenior.umed.pl\/wp-content\/uploads\/2017\/12\/KOS_Siatka_10_10_2017.xlsx\">Program studi\u00f3w<\/a><\/p>\n<p><a href=\"http:\/\/edumedsenior.umed.pl\/wp-content\/uploads\/2019\/11\/Plan-zaj\u0119\u0107-3-rok.xls\">Program studi\u00f3w 3 rok<\/a><\/p>\n<p><a href=\"http:\/\/edumedsenior.umed.pl\/wp-content\/uploads\/2020\/01\/Program-i-efekty-kszta\u0142cenia-dla-seminari\u00f3w-i-\u0107wicze\u0144-podczas-wizyt-ekspert\u00f3w-krajowych.pdf\">Program i efekty kszta\u0142cenia dla seminari\u00f3w i \u0107wicze\u0144 podczas wizyt ekspert\u00f3w krajowych<\/a><\/p>\n<p><a href=\"http:\/\/edumedsenior.umed.pl\/wp-content\/uploads\/2020\/02\/Plan-zaj\u0119\u0107-3-rok-semetr-letni.xls\">Plan zaj\u0119\u0107 3 rok, semestr letni<\/a><\/p>\n<p><a href=\"http:\/\/edumedsenior.umed.pl\/wp-content\/uploads\/2020\/04\/Plan-zaj\u0119\u0107-3-rok-semestr-letni-aktualizacja.xls\">Plan zaj\u0119\u0107 3 rok, semestr letni, aktualizacja<\/a>[\/vc_column_text][\/vc_column][\/vc_row]<\/p>\n","protected":false},"excerpt":{"rendered":"<p>[vc_row][vc_column][vc_custom_heading text=&#8221;Plan i program studi\u00f3w&#8221; font_container=&#8221;tag:h2|text_align:center|color:%23fa8322&#8243; use_theme_fonts=&#8221;yes&#8221;][vc_empty_space][vc_column_text]II Rok &#8211; Koordynowana opieka senioralna &#8211; studia I\u00b0 stacjonarne (Semestr Letni) Program studi\u00f3w Program studi\u00f3w 3 rok Program i efekty kszta\u0142cenia dla seminari\u00f3w i \u0107wicze\u0144 podczas wizyt ekspert\u00f3w krajowych Plan zaj\u0119\u0107 3 rok,&#8230;<\/p>\n","protected":false},"author":1,"featured_media":0,"parent":0,"menu_order":0,"comment_status":"closed","ping_status":"closed","template":"fullwidth.php","meta":{"footnotes":""},"class_list":["post-149","page","type-page","status-publish","hentry"],"_links":{"self":[{"href":"https:\/\/edumedsenior.umed.pl\/index.php\/wp-json\/wp\/v2\/pages\/149","targetHints":{"allow":["GET"]}}],"collection":[{"href":"https:\/\/edumedsenior.umed.pl\/index.php\/wp-json\/wp\/v2\/pages"}],"about":[{"href":"https:\/\/edumedsenior.umed.pl\/index.php\/wp-json\/wp\/v2\/types\/page"}],"author":[{"embeddable":true,"href":"https:\/\/edumedsenior.umed.pl\/index.php\/wp-json\/wp\/v2\/users\/1"}],"replies":[{"embeddable":true,"href":"https:\/\/edumedsenior.umed.pl\/index.php\/wp-json\/wp\/v2\/comments?post=149"}],"version-history":[{"count":77,"href":"https:\/\/edumedsenior.umed.pl\/index.php\/wp-json\/wp\/v2\/pages\/149\/revisions"}],"predecessor-version":[{"id":457,"href":"https:\/\/edumedsenior.umed.pl\/index.php\/wp-json\/wp\/v2\/pages\/149\/revisions\/457"}],"wp:attachment":[{"href":"https:\/\/edumedsenior.umed.pl\/index.php\/wp-json\/wp\/v2\/media?parent=149"}],"curies":[{"name":"wp","href":"https:\/\/api.w.org\/{rel}","templated":true}]}}