{"id":231,"date":"2018-02-27T09:59:24","date_gmt":"2018-02-27T08:59:24","guid":{"rendered":"http:\/\/edumedsenior.umed.pl\/?page_id=231"},"modified":"2019-05-20T12:45:01","modified_gmt":"2019-05-20T10:45:01","slug":"dla-prowadzacych","status":"publish","type":"page","link":"https:\/\/edumedsenior.umed.pl\/index.php\/dla-prowadzacych\/","title":{"rendered":"Dla prowadz\u0105cych"},"content":{"rendered":"<ul>\n<li><a href=\"http:\/\/edumedsenior.umed.pl\/wp-content\/uploads\/2018\/02\/Test-wzrostu-wiedzy_formularz.doc\">Test wzrostu wiedzy \u2013 formularz<\/a><\/li>\n<li><a href=\"http:\/\/edumedsenior.umed.pl\/wp-content\/uploads\/2018\/02\/Szablon-skryptu_EDUMED_SENIOR.docx\">Szablon skryptu<\/a><\/li>\n<li><a href=\"http:\/\/edumedsenior.umed.pl\/wp-content\/uploads\/2018\/02\/Sprawozdanie-z-realizacji-zaj\u0119\u0107.docx\">Sprawozdanie z\u00a0realizacji zaj\u0119\u0107<\/a><\/li>\n<li><a href=\"http:\/\/edumedsenior.umed.pl\/wp-content\/uploads\/2018\/02\/Lista-obecno\u015bci_szablon.xlsx\">Lista obecno\u015bci \u2013 szablon<\/a><\/li>\n<li><a href=\"http:\/\/edumedsenior.umed.pl\/wp-content\/uploads\/2018\/02\/Formularz-opracowania-wynik\u00f3w-testu-wzrostu-wiedzy.doc\">Formularz opracowania wynik\u00f3w testu wzrostu wiedzy<\/a><\/li>\n<li><a href=\"http:\/\/edumedsenior.umed.pl\/wp-content\/uploads\/2018\/02\/EDUMED_SENIOR_zebranie_szablon.doc\">Zebranie szablon<\/a><\/li>\n<\/ul>\n","protected":false},"excerpt":{"rendered":"<p>Test wzrostu wiedzy \u2013 formularz Szablon skryptu Sprawozdanie z\u00a0realizacji zaj\u0119\u0107 Lista obecno\u015bci \u2013 szablon Formularz opracowania wynik\u00f3w testu wzrostu wiedzy Zebranie szablon<\/p>\n","protected":false},"author":1,"featured_media":0,"parent":0,"menu_order":0,"comment_status":"closed","ping_status":"closed","template":"","meta":{"footnotes":""},"class_list":["post-231","page","type-page","status-publish","hentry"],"_links":{"self":[{"href":"https:\/\/edumedsenior.umed.pl\/index.php\/wp-json\/wp\/v2\/pages\/231","targetHints":{"allow":["GET"]}}],"collection":[{"href":"https:\/\/edumedsenior.umed.pl\/index.php\/wp-json\/wp\/v2\/pages"}],"about":[{"href":"https:\/\/edumedsenior.umed.pl\/index.php\/wp-json\/wp\/v2\/types\/page"}],"author":[{"embeddable":true,"href":"https:\/\/edumedsenior.umed.pl\/index.php\/wp-json\/wp\/v2\/users\/1"}],"replies":[{"embeddable":true,"href":"https:\/\/edumedsenior.umed.pl\/index.php\/wp-json\/wp\/v2\/comments?post=231"}],"version-history":[{"count":6,"href":"https:\/\/edumedsenior.umed.pl\/index.php\/wp-json\/wp\/v2\/pages\/231\/revisions"}],"predecessor-version":[{"id":357,"href":"https:\/\/edumedsenior.umed.pl\/index.php\/wp-json\/wp\/v2\/pages\/231\/revisions\/357"}],"wp:attachment":[{"href":"https:\/\/edumedsenior.umed.pl\/index.php\/wp-json\/wp\/v2\/media?parent=231"}],"curies":[{"name":"wp","href":"https:\/\/api.w.org\/{rel}","templated":true}]}}