{"id":59,"date":"2017-04-12T09:35:58","date_gmt":"2017-04-12T07:35:58","guid":{"rendered":"http:\/\/edumedsenior.umed.pl\/?page_id=59"},"modified":"2019-05-20T12:45:26","modified_gmt":"2019-05-20T10:45:26","slug":"rekrutacja","status":"publish","type":"page","link":"https:\/\/edumedsenior.umed.pl\/index.php\/rekrutacja\/","title":{"rendered":"Rekrutacja"},"content":{"rendered":"<p>[vc_row][vc_column][vc_custom_heading text=&#8221;Rekrutacja&#8221; font_container=&#8221;tag:h2|text_align:center|color:%23fa8322&#8243; google_fonts=&#8221;font_family:Lato%3A100%2C100italic%2C300%2C300italic%2Cregular%2Citalic%2C700%2C700italic%2C900%2C900italic|font_style:400%20regular%3A400%3Anormal&#8221;][vc_empty_space][vc_column_text]<strong>Dokumenty do pobrania:<\/strong><\/p>\n<ul>\n<li><a href=\"http:\/\/edumedsenior.umed.pl\/wp-content\/uploads\/2017\/10\/Regulamin-Projektu-KOS.docx\">Regulamin Projektu KOS<\/a><\/li>\n<li><a href=\"http:\/\/edumedsenior.umed.pl\/wp-content\/uploads\/2017\/10\/Za\u0142\u0105cznik-nr-1-Umowa-uczestnictwa.doc\">Umowa uczestnictwa<\/a><\/li>\n<li><a href=\"http:\/\/edumedsenior.umed.pl\/wp-content\/uploads\/2017\/10\/Za\u0142\u0105cznik.-nr-2-O\u015bwiadczenie-uczestnika.docx\">O\u015bwiadczenie uczestnika<\/a><\/li>\n<li><a href=\"http:\/\/edumedsenior.umed.pl\/wp-content\/uploads\/2017\/10\/Za\u0142\u0105cznik-nr-3-Kwestionariusz-uczestnika-do-SL.doc\">Kwestionariusz uczestnika do SL<\/a><\/li>\n<li><a href=\"http:\/\/edumedsenior.umed.pl\/wp-content\/uploads\/2017\/10\/Za\u0142\u0105cznik.-nr-4-Wzor-rezygnacji-z-udzialu-w-projekcie.doc\">Wz\u00f3r rezygnacji z udzia\u0142u w projekcie<\/a><\/li>\n<li><a href=\"http:\/\/edumedsenior.umed.pl\/wp-content\/uploads\/2017\/10\/Za\u0142\u0105cznik-nr-5-Wykaz-zajec.xlsx\">Wykaz zaj\u0119\u0107<\/a><\/li>\n<li><a href=\"http:\/\/edumedsenior.umed.pl\/wp-content\/uploads\/2017\/10\/Za\u0142\u0105cznik.-nr-6-Deklaracja-zatrudnienia.doc\">Deklaracja zatrudnienia<\/a><\/li>\n<li><a href=\"http:\/\/edumedsenior.umed.pl\/wp-content\/uploads\/2017\/10\/Za\u0142\u0105cznik-nr-7-O\u015bwiadczenie-dot.-sytuacji-uczestnika-w-ciagu-4-tygodni.docx\">O\u015bwiadczenie dot. sytuacji uczestnika w ci\u0105gu 4 tygodni<\/a><\/li>\n<\/ul>\n<p>[\/vc_column_text][\/vc_column][\/vc_row][vc_row row_type=&#8221;full_width&#8221; type=&#8221;full_screen&#8221; bg_type=&#8221;image&#8221; parallax_style=&#8221;vcpb-default&#8221; bg_image_new=&#8221;id^129|url^http:\/\/edumedsenior.umed.pl\/wp-content\/uploads\/2017\/04\/tlo2.jpg|caption^null|alt^null|title^tlo2|description^null&#8221; bg_image_repeat=&#8221;no-repeat&#8221; bg_override=&#8221;full&#8221; bg_color=&#8221;#fa8322&#8243; el_class=&#8221;white&#8221;][vc_column][vc_empty_space][vc_column_text el_class=&#8221;white&#8221;]<\/p>\n<h2 style=\"text-align: center;\">Dzia\u0142 Rekrutacji i Kszta\u0142cenia<\/h2>\n<p style=\"text-align: center;\">pl. gen. J. Hallera 1, pok.14, \u0141\u00f3d\u017a<\/p>\n<p style=\"text-align: center;\"><a href=\"mailto:rekrutacja@umed.lodz.pl\">rekrutacja@umed.lodz.pl<\/a><\/p>\n<p style=\"text-align: center;\"><a href=\"http:\/\/www.rekrutacja.umed.lodz.pl\" target=\"_blank\" rel=\"noopener noreferrer\">www.rekrutacja.umed.lodz.pl<\/a><\/p>\n<p>[\/vc_column_text][\/vc_column][vc_column width=&#8221;1\/4&#8243;][\/vc_column][vc_column width=&#8221;1\/4&#8243;]<div class=\"aio-icon-component   icon-small-orange style_1\"><a class=\"aio-icon-box-link\" href=\"https:\/\/www.facebook.com\/rekrutacjaumedlodz\/\" target='_blank'  ><div id=\"Info-box-wrap-3267\" class=\"aio-icon-box top-icon\" style=\"\"  ><div class=\"aio-icon-top\"><div class=\"ult-just-icon-wrapper  \"><div class=\"align-icon\" style=\"text-align:center;\">\n<div class=\"aio-icon none \"  style=\"color:#ffffff;font-size:32px;display:inline-block;\">\n\t<i class=\"Defaults-facebook-square\"><\/i>\n<\/div><\/div><\/div><\/div><div class=\"aio-icon-header\" ><h3 class=\"aio-icon-title ult-responsive\"  data-ultimate-target='#Info-box-wrap-3267 .aio-icon-title'  data-responsive-json-new='{\"font-size\":\"\",\"line-height\":\"\"}'  style=\"\">Facebook<\/h3><\/div> <!-- header --><\/div> <!-- aio-icon-box --><\/a><\/div> <!-- aio-icon-component -->[vc_empty_space][\/vc_column][vc_column width=&#8221;1\/4&#8243;]<div class=\"aio-icon-component   icon-small-orange style_1\"><a class=\"aio-icon-box-link\" href=\"http:\/\/rekrutacja.umed.lodz.pl\/studia-w-jezyku-polskim\/koordynowana-opieka-senioralna\/\" target='_blank'  ><div id=\"Info-box-wrap-7403\" class=\"aio-icon-box top-icon\" style=\"\"  ><div class=\"aio-icon-top\"><div class=\"ult-just-icon-wrapper  \"><div class=\"align-icon\" style=\"text-align:center;\">\n<div class=\"aio-icon none \"  style=\"color:#ffffff;font-size:32px;display:inline-block;\">\n\t<i class=\"Defaults-external-link\"><\/i>\n<\/div><\/div><\/div><\/div><div class=\"aio-icon-header\" ><h3 class=\"aio-icon-title ult-responsive\"  data-ultimate-target='#Info-box-wrap-7403 .aio-icon-title'  data-responsive-json-new='{\"font-size\":\"\",\"line-height\":\"\"}'  style=\"\">Strona WWW<\/h3><\/div> <!-- header --><\/div> <!-- aio-icon-box --><\/a><\/div> <!-- aio-icon-component -->[vc_empty_space][\/vc_column][vc_column width=&#8221;1\/4&#8243;][\/vc_column][\/vc_row][vc_row][vc_column][vc_empty_space][\/vc_column][\/vc_row][vc_row][vc_column width=&#8221;1\/2&#8243; content_align=&#8221;text-center&#8221;]<div class=\"aio-icon-component   orange style_1\"><div id=\"Info-box-wrap-1870\" class=\"aio-icon-box top-icon\" style=\"\"  ><div class=\"aio-icon-top\"><div class=\"ult-just-icon-wrapper  \"><div class=\"align-icon\" style=\"text-align:center;\">\n<div class=\"aio-icon none \"  style=\"color:#333;font-size:32px;display:inline-block;\">\n\t<i class=\"Defaults-info-circle\"><\/i>\n<\/div><\/div><\/div><\/div><div class=\"aio-icon-header\" ><h3 class=\"aio-icon-title ult-responsive\"  data-ultimate-target='#Info-box-wrap-1870 .aio-icon-title'  data-responsive-json-new='{\"font-size\":\"\",\"line-height\":\"\"}'  style=\"\">Studenci<\/h3><\/div> <!-- header --><div class=\"aio-icon-description ult-responsive\"  data-ultimate-target='#Info-box-wrap-1870 .aio-icon-description'  data-responsive-json-new='{\"font-size\":\"\",\"line-height\":\"\"}'  style=\"\"><strong>Liczba miejsc: 40<\/strong><\/p>\n<p><strong>Kierunek zostanie uruchomiony 01.10.2017 roku<\/strong><\/div> <!-- description --><\/div> <!-- aio-icon-box --><\/div> <!-- aio-icon-component -->[\/vc_column][vc_column width=&#8221;1\/2&#8243; content_align=&#8221;text-center&#8221;]<div class=\"aio-icon-component   orange style_1\"><div id=\"Info-box-wrap-4722\" class=\"aio-icon-box top-icon\" style=\"\"  ><div class=\"aio-icon-top\"><div class=\"ult-just-icon-wrapper  \"><div class=\"align-icon\" style=\"text-align:center;\">\n<div class=\"aio-icon none \"  style=\"color:#333;font-size:32px;display:inline-block;\">\n\t<i class=\"Defaults-info-circle\"><\/i>\n<\/div><\/div><\/div><\/div><div class=\"aio-icon-header\" ><h3 class=\"aio-icon-title ult-responsive\"  data-ultimate-target='#Info-box-wrap-4722 .aio-icon-title'  data-responsive-json-new='{\"font-size\":\"\",\"line-height\":\"\"}'  style=\"\">Plan zaj\u0119\u0107<\/h3><\/div> <!-- header --><div class=\"aio-icon-description ult-responsive\"  data-ultimate-target='#Info-box-wrap-4722 .aio-icon-description'  data-responsive-json-new='{\"font-size\":\"\",\"line-height\":\"\"}'  style=\"\"><strong>Zapraszamy<\/strong><\/p>\n<p><strong>w drugiej po\u0142owie wrze\u015bnia<\/strong><\/div> <!-- description --><\/div> <!-- aio-icon-box --><\/div> <!-- aio-icon-component -->[\/vc_column][\/vc_row]<\/p>\n","protected":false},"excerpt":{"rendered":"<p>[vc_row][vc_column][vc_custom_heading text=&#8221;Rekrutacja&#8221; font_container=&#8221;tag:h2|text_align:center|color:%23fa8322&#8243; google_fonts=&#8221;font_family:Lato%3A100%2C100italic%2C300%2C300italic%2Cregular%2Citalic%2C700%2C700italic%2C900%2C900italic|font_style:400%20regular%3A400%3Anormal&#8221;][vc_empty_space][vc_column_text]Dokumenty do pobrania: Regulamin Projektu KOS Umowa uczestnictwa O\u015bwiadczenie uczestnika Kwestionariusz uczestnika do SL Wz\u00f3r rezygnacji z udzia\u0142u w projekcie Wykaz zaj\u0119\u0107 Deklaracja zatrudnienia O\u015bwiadczenie dot. sytuacji uczestnika w ci\u0105gu 4 tygodni [\/vc_column_text][\/vc_column][\/vc_row][vc_row row_type=&#8221;full_width&#8221; type=&#8221;full_screen&#8221; bg_type=&#8221;image&#8221; parallax_style=&#8221;vcpb-default&#8221;&#8230;<\/p>\n","protected":false},"author":1,"featured_media":0,"parent":0,"menu_order":0,"comment_status":"closed","ping_status":"closed","template":"fullwidth.php","meta":{"footnotes":""},"class_list":["post-59","page","type-page","status-publish","hentry"],"_links":{"self":[{"href":"https:\/\/edumedsenior.umed.pl\/index.php\/wp-json\/wp\/v2\/pages\/59","targetHints":{"allow":["GET"]}}],"collection":[{"href":"https:\/\/edumedsenior.umed.pl\/index.php\/wp-json\/wp\/v2\/pages"}],"about":[{"href":"https:\/\/edumedsenior.umed.pl\/index.php\/wp-json\/wp\/v2\/types\/page"}],"author":[{"embeddable":true,"href":"https:\/\/edumedsenior.umed.pl\/index.php\/wp-json\/wp\/v2\/users\/1"}],"replies":[{"embeddable":true,"href":"https:\/\/edumedsenior.umed.pl\/index.php\/wp-json\/wp\/v2\/comments?post=59"}],"version-history":[{"count":49,"href":"https:\/\/edumedsenior.umed.pl\/index.php\/wp-json\/wp\/v2\/pages\/59\/revisions"}],"predecessor-version":[{"id":168,"href":"https:\/\/edumedsenior.umed.pl\/index.php\/wp-json\/wp\/v2\/pages\/59\/revisions\/168"}],"wp:attachment":[{"href":"https:\/\/edumedsenior.umed.pl\/index.php\/wp-json\/wp\/v2\/media?parent=59"}],"curies":[{"name":"wp","href":"https:\/\/api.w.org\/{rel}","templated":true}]}}